{"id":301,"date":"2022-04-24T09:17:18","date_gmt":"2022-04-24T12:17:18","guid":{"rendered":"https:\/\/shareeducation.com.ar\/2025\/shareconvention25\/?page_id=301"},"modified":"2025-04-19T08:57:58","modified_gmt":"2025-04-19T11:57:58","slug":"dates-and-venue","status":"publish","type":"page","link":"https:\/\/shareeducation.com.ar\/2025\/shareconvention25\/dates-and-venue\/","title":{"rendered":"Dates and Venue"},"content":{"rendered":"\t\t<div data-elementor-type=\"wp-page\" data-elementor-id=\"301\" class=\"elementor elementor-301\" data-elementor-settings=\"[]\">\n\t\t\t\t\t\t\t<div class=\"elementor-section-wrap\">\n\t\t\t\t\t\t\t<section class=\"elementor-section elementor-top-section elementor-element elementor-element-56aa9395 elementor-section-boxed elementor-section-height-default elementor-section-height-default\" data-id=\"56aa9395\" data-element_type=\"section\" data-settings=\"{&quot;background_background&quot;:&quot;classic&quot;}\">\n\t\t\t\t\t\t<div class=\"elementor-container elementor-column-gap-default\">\n\t\t\t\t\t<div class=\"elementor-column elementor-col-33 elementor-top-column elementor-element elementor-element-2189d4c0\" data-id=\"2189d4c0\" data-element_type=\"column\">\n\t\t\t<div class=\"elementor-widget-wrap elementor-element-populated\">\n\t\t\t\t\t\t\t\t<div class=\"elementor-element elementor-element-fe831bb elementor-widget elementor-widget-heading\" data-id=\"fe831bb\" data-element_type=\"widget\" data-widget_type=\"heading.default\">\n\t\t\t\t<div class=\"elementor-widget-container\">\n\t\t\t<h2 class=\"elementor-heading-title elementor-size-default\">Dates and Venue<\/h2>\t\t<\/div>\n\t\t\t\t<\/div>\n\t\t\t\t\t<\/div>\n\t\t<\/div>\n\t\t\t\t<div class=\"elementor-column elementor-col-33 elementor-top-column elementor-element elementor-element-768207b6 elementor-hidden-tablet elementor-hidden-mobile\" data-id=\"768207b6\" data-element_type=\"column\" data-settings=\"{&quot;background_background&quot;:&quot;classic&quot;}\">\n\t\t\t<div class=\"elementor-widget-wrap\">\n\t\t\t\t\t\t\t\t\t<\/div>\n\t\t<\/div>\n\t\t\t\t<div class=\"elementor-column elementor-col-33 elementor-top-column elementor-element elementor-element-4a44f47a elementor-hidden-tablet elementor-hidden-mobile\" data-id=\"4a44f47a\" data-element_type=\"column\" data-settings=\"{&quot;background_background&quot;:&quot;classic&quot;}\">\n\t\t\t<div class=\"elementor-widget-wrap\">\n\t\t\t\t\t\t\t\t\t<\/div>\n\t\t<\/div>\n\t\t\t\t\t\t\t<\/div>\n\t\t<\/section>\n\t\t\t\t<section class=\"elementor-section elementor-top-section elementor-element elementor-element-33a63b5 elementor-section-content-middle elementor-section-boxed elementor-section-height-default elementor-section-height-default\" data-id=\"33a63b5\" data-element_type=\"section\" data-settings=\"{&quot;background_background&quot;:&quot;classic&quot;}\">\n\t\t\t\t\t\t<div class=\"elementor-container elementor-column-gap-default\">\n\t\t\t\t\t<div class=\"elementor-column elementor-col-100 elementor-top-column elementor-element elementor-element-9443ff7\" data-id=\"9443ff7\" data-element_type=\"column\" data-settings=\"{&quot;background_background&quot;:&quot;classic&quot;}\">\n\t\t\t<div class=\"elementor-widget-wrap elementor-element-populated\">\n\t\t\t\t\t\t\t\t<section class=\"elementor-section elementor-inner-section elementor-element elementor-element-8dd3dc0 elementor-reverse-mobile elementor-section-boxed elementor-section-height-default elementor-section-height-default\" data-id=\"8dd3dc0\" data-element_type=\"section\">\n\t\t\t\t\t\t<div class=\"elementor-container elementor-column-gap-default\">\n\t\t\t\t\t<div class=\"elementor-column elementor-col-50 elementor-inner-column elementor-element elementor-element-85b66d2\" data-id=\"85b66d2\" data-element_type=\"column\">\n\t\t\t<div class=\"elementor-widget-wrap elementor-element-populated\">\n\t\t\t\t\t\t\t\t<div class=\"elementor-element elementor-element-4ff01e8 elementor-widget elementor-widget-heading\" data-id=\"4ff01e8\" data-element_type=\"widget\" data-widget_type=\"heading.default\">\n\t\t\t\t<div class=\"elementor-widget-container\">\n\t\t\t<h2 class=\"elementor-heading-title elementor-size-default\">Thursday 31st July\n- Friday 1st August<\/h2>\t\t<\/div>\n\t\t\t\t<\/div>\n\t\t\t\t<div class=\"elementor-element elementor-element-ffce28e elementor-mobile-align-center elementor-icon-list--layout-traditional elementor-list-item-link-full_width elementor-widget elementor-widget-icon-list\" data-id=\"ffce28e\" data-element_type=\"widget\" data-widget_type=\"icon-list.default\">\n\t\t\t\t<div class=\"elementor-widget-container\">\n\t\t\t\t\t<ul class=\"elementor-icon-list-items\">\n\t\t\t\t\t\t\t<li class=\"elementor-icon-list-item\">\n\t\t\t\t\t\t\t\t\t\t\t<span class=\"elementor-icon-list-icon\">\n\t\t\t\t\t\t\t<i aria-hidden=\"true\" class=\"far fa-clock\"><\/i>\t\t\t\t\t\t<\/span>\n\t\t\t\t\t\t\t\t\t\t<span class=\"elementor-icon-list-text\">Horario de 8:30 a 18:30 hs<\/span>\n\t\t\t\t\t\t\t\t\t<\/li>\n\t\t\t\t\t\t<\/ul>\n\t\t\t\t<\/div>\n\t\t\t\t<\/div>\n\t\t\t\t\t<\/div>\n\t\t<\/div>\n\t\t\t\t<div class=\"elementor-column elementor-col-50 elementor-inner-column elementor-element elementor-element-8ef2970\" data-id=\"8ef2970\" data-element_type=\"column\" data-settings=\"{&quot;background_background&quot;:&quot;classic&quot;}\">\n\t\t\t<div class=\"elementor-widget-wrap elementor-element-populated\">\n\t\t\t\t\t\t\t\t<div class=\"elementor-element elementor-element-1f88080 elementor-widget elementor-widget-image\" data-id=\"1f88080\" data-element_type=\"widget\" data-widget_type=\"image.default\">\n\t\t\t\t<div class=\"elementor-widget-container\">\n\t\t\t\t\t\t\t\t\t\t\t\t\t\t\t<img loading=\"lazy\" decoding=\"async\" width=\"800\" height=\"351\" src=\"https:\/\/shareeducation.com.ar\/2025\/shareconvention25\/wp-content\/uploads\/2025\/04\/RPH-jpg-1920w-1024x449.webp\" class=\"attachment-large size-large\" alt=\"\" srcset=\"https:\/\/shareeducation.com.ar\/2025\/shareconvention25\/wp-content\/uploads\/2025\/04\/RPH-jpg-1920w-1024x449.webp 1024w, https:\/\/shareeducation.com.ar\/2025\/shareconvention25\/wp-content\/uploads\/2025\/04\/RPH-jpg-1920w-300x132.webp 300w, https:\/\/shareeducation.com.ar\/2025\/shareconvention25\/wp-content\/uploads\/2025\/04\/RPH-jpg-1920w-768x337.webp 768w, https:\/\/shareeducation.com.ar\/2025\/shareconvention25\/wp-content\/uploads\/2025\/04\/RPH-jpg-1920w.webp 1080w\" sizes=\"(max-width: 800px) 100vw, 800px\" \/>\t\t\t\t\t\t\t\t\t\t\t\t\t\t\t<\/div>\n\t\t\t\t<\/div>\n\t\t\t\t\t<\/div>\n\t\t<\/div>\n\t\t\t\t\t\t\t<\/div>\n\t\t<\/section>\n\t\t\t\t<div class=\"elementor-element elementor-element-6433542 elementor-widget elementor-widget-gallery\" data-id=\"6433542\" data-element_type=\"widget\" data-settings=\"{&quot;columns_mobile&quot;:2,&quot;image_hover_animation&quot;:&quot;grow&quot;,&quot;lazyload&quot;:&quot;yes&quot;,&quot;gallery_layout&quot;:&quot;grid&quot;,&quot;columns&quot;:4,&quot;columns_tablet&quot;:2,&quot;gap&quot;:{&quot;unit&quot;:&quot;px&quot;,&quot;size&quot;:10,&quot;sizes&quot;:[]},&quot;gap_tablet&quot;:{&quot;unit&quot;:&quot;px&quot;,&quot;size&quot;:10,&quot;sizes&quot;:[]},&quot;gap_mobile&quot;:{&quot;unit&quot;:&quot;px&quot;,&quot;size&quot;:10,&quot;sizes&quot;:[]},&quot;link_to&quot;:&quot;file&quot;,&quot;aspect_ratio&quot;:&quot;3:2&quot;,&quot;content_hover_animation&quot;:&quot;fade-in&quot;}\" data-widget_type=\"gallery.default\">\n\t\t\t\t<div class=\"elementor-widget-container\">\n\t\t\t\t\t<div class=\"elementor-gallery__container\">\n\t\t\t\t\t\t\t<a class=\"e-gallery-item elementor-gallery-item elementor-animated-content\" href=\"https:\/\/shareeducation.com.ar\/2025\/shareconvention25\/wp-content\/uploads\/2025\/04\/DSC8592dpi300rgb-800w.jpg\" data-elementor-open-lightbox=\"yes\" data-elementor-lightbox-slideshow=\"all-6433542\" data-elementor-lightbox-title=\"ShareConvention - Regente Palace Hotel\">\n\t\t\t\t\t<div class=\"e-gallery-image elementor-gallery-item__image\" data-thumbnail=\"https:\/\/shareeducation.com.ar\/2025\/shareconvention25\/wp-content\/uploads\/2025\/04\/DSC8592dpi300rgb-800w-300x200.jpg\" data-width=\"300\" data-height=\"200\" alt=\"ShareConvention - Regente Palace Hotel\" ><\/div>\n\t\t\t\t\t\t\t\t\t\t\t\t\t\t<\/a>\n\t\t\t\t\t\t\t<a class=\"e-gallery-item elementor-gallery-item elementor-animated-content\" href=\"https:\/\/shareeducation.com.ar\/2025\/shareconvention25\/wp-content\/uploads\/2025\/04\/DSC8989-2dpi300rgb-2880w.jpg\" data-elementor-open-lightbox=\"yes\" data-elementor-lightbox-slideshow=\"all-6433542\" data-elementor-lightbox-title=\"ShareConvention - Regente Palace Hotel\">\n\t\t\t\t\t<div class=\"e-gallery-image elementor-gallery-item__image\" data-thumbnail=\"https:\/\/shareeducation.com.ar\/2025\/shareconvention25\/wp-content\/uploads\/2025\/04\/DSC8989-2dpi300rgb-2880w-300x200.jpg\" data-width=\"300\" data-height=\"200\" alt=\"ShareConvention - Regente Palace Hotel\" ><\/div>\n\t\t\t\t\t\t\t\t\t\t\t\t\t\t<\/a>\n\t\t\t\t\t\t\t<a class=\"e-gallery-item elementor-gallery-item elementor-animated-content\" href=\"https:\/\/shareeducation.com.ar\/2025\/shareconvention25\/wp-content\/uploads\/2025\/04\/DSC9030-2dpi300rgb-1000h.jpg\" data-elementor-open-lightbox=\"yes\" data-elementor-lightbox-slideshow=\"all-6433542\" data-elementor-lightbox-title=\"ShareConvention - Regente Palace Hotel\">\n\t\t\t\t\t<div class=\"e-gallery-image elementor-gallery-item__image\" data-thumbnail=\"https:\/\/shareeducation.com.ar\/2025\/shareconvention25\/wp-content\/uploads\/2025\/04\/DSC9030-2dpi300rgb-1000h-300x200.jpg\" data-width=\"300\" data-height=\"200\" alt=\"ShareConvention - Regente Palace Hotel\" ><\/div>\n\t\t\t\t\t\t\t\t\t\t\t\t\t\t<\/a>\n\t\t\t\t\t\t\t<a class=\"e-gallery-item elementor-gallery-item elementor-animated-content\" href=\"https:\/\/shareeducation.com.ar\/2025\/shareconvention25\/wp-content\/uploads\/2025\/04\/DSC_0276-800w.jpg\" data-elementor-open-lightbox=\"yes\" data-elementor-lightbox-slideshow=\"all-6433542\" data-elementor-lightbox-title=\"ShareConvention - Regente Palace Hotel\">\n\t\t\t\t\t<div class=\"e-gallery-image elementor-gallery-item__image\" data-thumbnail=\"https:\/\/shareeducation.com.ar\/2025\/shareconvention25\/wp-content\/uploads\/2025\/04\/DSC_0276-800w-300x200.jpg\" data-width=\"300\" data-height=\"200\" alt=\"ShareConvention - Regente Palace Hotel\" ><\/div>\n\t\t\t\t\t\t\t\t\t\t\t\t\t\t<\/a>\n\t\t\t\t\t\t\t<a class=\"e-gallery-item elementor-gallery-item elementor-animated-content\" href=\"https:\/\/shareeducation.com.ar\/2025\/shareconvention25\/wp-content\/uploads\/2025\/04\/IGDownloader.App_416697420_902348431900133_6576743688919341390_n-1000h.jpg\" data-elementor-open-lightbox=\"yes\" data-elementor-lightbox-slideshow=\"all-6433542\" data-elementor-lightbox-title=\"ShareConvention - Regente Palace Hotel\">\n\t\t\t\t\t<div class=\"e-gallery-image elementor-gallery-item__image\" data-thumbnail=\"https:\/\/shareeducation.com.ar\/2025\/shareconvention25\/wp-content\/uploads\/2025\/04\/IGDownloader.App_416697420_902348431900133_6576743688919341390_n-1000h-240x300.jpg\" data-width=\"240\" data-height=\"300\" alt=\"ShareConvention - Regente Palace Hotel\" ><\/div>\n\t\t\t\t\t\t\t\t\t\t\t\t\t\t<\/a>\n\t\t\t\t\t\t\t<a class=\"e-gallery-item elementor-gallery-item elementor-animated-content\" href=\"https:\/\/shareeducation.com.ar\/2025\/shareconvention25\/wp-content\/uploads\/2025\/04\/IGDownloader.App_417138329_902348128566830_2582145283389744379_n-1000h.jpg\" data-elementor-open-lightbox=\"yes\" data-elementor-lightbox-slideshow=\"all-6433542\" data-elementor-lightbox-title=\"ShareConvention - Regente Palace Hotel\">\n\t\t\t\t\t<div class=\"e-gallery-image elementor-gallery-item__image\" data-thumbnail=\"https:\/\/shareeducation.com.ar\/2025\/shareconvention25\/wp-content\/uploads\/2025\/04\/IGDownloader.App_417138329_902348128566830_2582145283389744379_n-1000h-240x300.jpg\" data-width=\"240\" data-height=\"300\" alt=\"ShareConvention - Regente Palace Hotel\" ><\/div>\n\t\t\t\t\t\t\t\t\t\t\t\t\t\t<\/a>\n\t\t\t\t\t\t\t<a class=\"e-gallery-item elementor-gallery-item elementor-animated-content\" href=\"https:\/\/shareeducation.com.ar\/2025\/shareconvention25\/wp-content\/uploads\/2025\/04\/IGDownloader.App_424931625_919665356835107_7560323876398122715_n-1000h.jpg\" data-elementor-open-lightbox=\"yes\" data-elementor-lightbox-slideshow=\"all-6433542\" data-elementor-lightbox-title=\"ShareConvention - Regente Palace Hotel\">\n\t\t\t\t\t<div class=\"e-gallery-image elementor-gallery-item__image\" data-thumbnail=\"https:\/\/shareeducation.com.ar\/2025\/shareconvention25\/wp-content\/uploads\/2025\/04\/IGDownloader.App_424931625_919665356835107_7560323876398122715_n-1000h-240x300.jpg\" data-width=\"240\" data-height=\"300\" alt=\"ShareConvention - Regente Palace Hotel\" ><\/div>\n\t\t\t\t\t\t\t\t\t\t\t\t\t\t<\/a>\n\t\t\t\t\t\t\t<a class=\"e-gallery-item elementor-gallery-item elementor-animated-content\" href=\"https:\/\/shareeducation.com.ar\/2025\/shareconvention25\/wp-content\/uploads\/2025\/04\/IGDownloader.App_449090087_1027557952712513_8133160864279704543_n-800w.jpg\" data-elementor-open-lightbox=\"yes\" data-elementor-lightbox-slideshow=\"all-6433542\" data-elementor-lightbox-title=\"Share Convention 2025\">\n\t\t\t\t\t<div class=\"e-gallery-image elementor-gallery-item__image\" data-thumbnail=\"https:\/\/shareeducation.com.ar\/2025\/shareconvention25\/wp-content\/uploads\/2025\/04\/IGDownloader.App_449090087_1027557952712513_8133160864279704543_n-800w-240x300.jpg\" data-width=\"240\" data-height=\"300\" alt=\"ShareConvention - Regente Palace Hotel\" ><\/div>\n\t\t\t\t\t\t\t\t\t\t\t\t\t\t<\/a>\n\t\t\t\t\t\t\t<a class=\"e-gallery-item elementor-gallery-item elementor-animated-content\" href=\"https:\/\/shareeducation.com.ar\/2025\/shareconvention25\/wp-content\/uploads\/2022\/04\/rph.webp\" data-elementor-open-lightbox=\"yes\" data-elementor-lightbox-slideshow=\"all-6433542\" data-elementor-lightbox-title=\"rph\">\n\t\t\t\t\t<div class=\"e-gallery-image elementor-gallery-item__image\" data-thumbnail=\"https:\/\/shareeducation.com.ar\/2025\/shareconvention25\/wp-content\/uploads\/2022\/04\/rph-229x300.webp\" data-width=\"229\" data-height=\"300\" alt=\"\" ><\/div>\n\t\t\t\t\t\t\t\t\t\t\t\t\t\t<\/a>\n\t\t\t\t\t\t\t<a class=\"e-gallery-item elementor-gallery-item elementor-animated-content\" href=\"https:\/\/shareeducation.com.ar\/2025\/shareconvention25\/wp-content\/uploads\/2025\/04\/DSC9284-2dpi300rgb-2880w-1.jpg\" data-elementor-open-lightbox=\"yes\" data-elementor-lightbox-slideshow=\"all-6433542\" data-elementor-lightbox-title=\"ShareConvention - Regente Palace Hotel\">\n\t\t\t\t\t<div class=\"e-gallery-image elementor-gallery-item__image\" data-thumbnail=\"https:\/\/shareeducation.com.ar\/2025\/shareconvention25\/wp-content\/uploads\/2025\/04\/DSC9284-2dpi300rgb-2880w-1-300x200.jpg\" data-width=\"300\" data-height=\"200\" alt=\"ShareConvention - Regente Palace Hotel\" ><\/div>\n\t\t\t\t\t\t\t\t\t\t\t\t\t\t<\/a>\n\t\t\t\t\t\t\t<a class=\"e-gallery-item elementor-gallery-item elementor-animated-content\" href=\"https:\/\/shareeducation.com.ar\/2025\/shareconvention25\/wp-content\/uploads\/2025\/04\/DSC9159-2dpi300rgb-2880w-1.jpg\" data-elementor-open-lightbox=\"yes\" data-elementor-lightbox-slideshow=\"all-6433542\" data-elementor-lightbox-title=\"Share Convention 2025\">\n\t\t\t\t\t<div class=\"e-gallery-image elementor-gallery-item__image\" data-thumbnail=\"https:\/\/shareeducation.com.ar\/2025\/shareconvention25\/wp-content\/uploads\/2025\/04\/DSC9159-2dpi300rgb-2880w-1-300x200.jpg\" data-width=\"300\" data-height=\"200\" alt=\"ShareConvention - Regente Palace Hotel\" ><\/div>\n\t\t\t\t\t\t\t\t\t\t\t\t\t\t<\/a>\n\t\t\t\t\t\t\t<a class=\"e-gallery-item elementor-gallery-item elementor-animated-content\" href=\"https:\/\/shareeducation.com.ar\/2025\/shareconvention25\/wp-content\/uploads\/2025\/04\/IGDownloader.App_436329498_997142725754036_3708922638686222350_n-977e8f4f-800w.jpg\" data-elementor-open-lightbox=\"yes\" data-elementor-lightbox-slideshow=\"all-6433542\" data-elementor-lightbox-title=\"ShareConvention - Regente Palace Hotel\">\n\t\t\t\t\t<div class=\"e-gallery-image elementor-gallery-item__image\" data-thumbnail=\"https:\/\/shareeducation.com.ar\/2025\/shareconvention25\/wp-content\/uploads\/2025\/04\/IGDownloader.App_436329498_997142725754036_3708922638686222350_n-977e8f4f-800w-266x300.jpg\" data-width=\"266\" data-height=\"300\" alt=\"ShareConvention - Regente Palace Hotel\" ><\/div>\n\t\t\t\t\t\t\t\t\t\t\t\t\t\t<\/a>\n\t\t\t\t\t<\/div>\n\t\t\t<\/div>\n\t\t\t\t<\/div>\n\t\t\t\t<section class=\"elementor-section elementor-inner-section elementor-element elementor-element-7a1b391 elementor-section-boxed elementor-section-height-default elementor-section-height-default\" data-id=\"7a1b391\" data-element_type=\"section\">\n\t\t\t\t\t\t<div class=\"elementor-container elementor-column-gap-default\">\n\t\t\t\t\t<div class=\"elementor-column elementor-col-50 elementor-inner-column elementor-element elementor-element-b1347af\" data-id=\"b1347af\" data-element_type=\"column\">\n\t\t\t<div class=\"elementor-widget-wrap elementor-element-populated\">\n\t\t\t\t\t\t\t\t<div class=\"elementor-element elementor-element-d38f9a3 elementor-widget elementor-widget-heading\" data-id=\"d38f9a3\" data-element_type=\"widget\" data-widget_type=\"heading.default\">\n\t\t\t\t<div class=\"elementor-widget-container\">\n\t\t\t<h2 class=\"elementor-heading-title elementor-size-default\">Regente Palace Hotel<\/h2>\t\t<\/div>\n\t\t\t\t<\/div>\n\t\t\t\t<div class=\"elementor-element elementor-element-0c21dcd elementor--star-style-star_unicode elementor-widget elementor-widget-star-rating\" data-id=\"0c21dcd\" data-element_type=\"widget\" data-widget_type=\"star-rating.default\">\n\t\t\t\t<div class=\"elementor-widget-container\">\n\t\t\t\n\t\t<div class=\"elementor-star-rating__wrapper\">\n\t\t\t\t\t\t<div class=\"elementor-star-rating\" title=\"4\/5\" itemtype=\"http:\/\/schema.org\/Rating\" itemscope=\"\" itemprop=\"reviewRating\"><i class=\"elementor-star-full\">&#9733;<\/i><i class=\"elementor-star-full\">&#9733;<\/i><i class=\"elementor-star-full\">&#9733;<\/i><i class=\"elementor-star-full\">&#9733;<\/i><i class=\"elementor-star-empty\">&#9733;<\/i> <span itemprop=\"ratingValue\" class=\"elementor-screen-only\">4\/5<\/span><\/div>\t\t<\/div>\n\t\t\t\t<\/div>\n\t\t\t\t<\/div>\n\t\t\t\t<div class=\"elementor-element elementor-element-0d8a6da elementor-widget elementor-widget-text-editor\" data-id=\"0d8a6da\" data-element_type=\"widget\" data-widget_type=\"text-editor.default\">\n\t\t\t\t<div class=\"elementor-widget-container\">\n\t\t\t\t\t\t\t<div id=\"u40671-4\" class=\"clearfix colelem\" data-muse-temp-textcontainer-sizepolicy=\"true\" data-muse-temp-textcontainer-pinning=\"true\"><div class=\"wDYxhc\" data-attrid=\"kc:\/location\/location:address\" data-md=\"1002\" data-hveid=\"CC4QAA\" data-ved=\"2ahUKEwjprqydguCMAxVJpJUCHSRjGocQkCl6BAguEAA\"><div class=\"Z1hOCe\"><div class=\"zloOqf lew4sc PZPZlf\" data-dtype=\"d3ifr\" data-local-attribute=\"d3adr\" data-mid=\"\/g\/11c54dtv9m\" data-ved=\"2ahUKEwjprqydguCMAxVJpJUCHSRjGocQghwoAHoECC4QAQ\"><span class=\"LrzXr\"><strong>Suipacha 964<\/strong>, C1008 Ciudad Aut\u00f3noma de Buenos Aires. Argentina.<\/span><\/div><\/div><\/div><div class=\"wDYxhc\" data-attrid=\"kc:\/local:alt phone\" data-md=\"1006\" data-hveid=\"CDAQAA\" data-ved=\"2ahUKEwjprqydguCMAxVJpJUCHSRjGocQkCl6BAgwEAA\"><div class=\"Z1hOCe\"><div class=\"zloOqf PZPZlf\" data-dtype=\"d3ifr\" data-local-attribute=\"d3ph\" data-ved=\"2ahUKEwjprqydguCMAxVJpJUCHSRjGocQ8I0BKAB6BAgwEAE\"><span class=\"w8qArf FoJoyf\">Reservas: <\/span><span class=\"LrzXr zdqRlf kno-fv\"><span aria-label=\"Llamar al n\u00famero de tel\u00e9fono 011 4328-6800\">011 4328-6800<\/span>. <br \/>M\u00e1s informaci\u00f3n: www.regente.com<\/span><\/div><\/div><\/div><\/div>\t\t\t\t\t\t<\/div>\n\t\t\t\t<\/div>\n\t\t\t\t<div class=\"elementor-element elementor-element-05d49e0 elementor-hidden-mobile elementor-widget elementor-widget-text-editor\" data-id=\"05d49e0\" data-element_type=\"widget\" data-widget_type=\"text-editor.default\">\n\t\t\t\t<div class=\"elementor-widget-container\">\n\t\t\t\t\t\t\t<div id=\"u40671-4\" class=\"clearfix colelem\" data-muse-temp-textcontainer-sizepolicy=\"true\" data-muse-temp-textcontainer-pinning=\"true\"><p>Comodidad y practicidad. Est\u00e1 rodeado por los edificios y monumentos m\u00e1s importantes de la ciudad y ofrece un r\u00e1pido acceso a la exclusiva zona de Puerto Madero y al tradicional barrio de San Telmo. Bienestar y confort. Negocio y placer se conjugan en un hotel ubicado en un punto estrat\u00e9gico de nuestra Ciudad.<\/p><\/div>\t\t\t\t\t\t<\/div>\n\t\t\t\t<\/div>\n\t\t\t\t\t<\/div>\n\t\t<\/div>\n\t\t\t\t<div class=\"elementor-column elementor-col-50 elementor-inner-column elementor-element elementor-element-e307efd\" data-id=\"e307efd\" data-element_type=\"column\">\n\t\t\t<div class=\"elementor-widget-wrap elementor-element-populated\">\n\t\t\t\t\t\t\t\t<div class=\"elementor-element elementor-element-443d6b4 elementor-widget elementor-widget-google_maps\" data-id=\"443d6b4\" data-element_type=\"widget\" data-widget_type=\"google_maps.default\">\n\t\t\t\t<div class=\"elementor-widget-container\">\n\t\t\t\t\t<div class=\"elementor-custom-embed\">\n\t\t\t<iframe frameborder=\"0\" scrolling=\"no\" marginheight=\"0\" marginwidth=\"0\"\n\t\t\t\t\tsrc=\"https:\/\/maps.google.com\/maps?q=Suipacha%20964&#038;t=m&#038;z=14&#038;output=embed&#038;iwloc=near\"\n\t\t\t\t\ttitle=\"Suipacha 964\"\n\t\t\t\t\taria-label=\"Suipacha 964\"\n\t\t\t><\/iframe>\n\t\t<\/div>\n\t\t\t\t<\/div>\n\t\t\t\t<\/div>\n\t\t\t\t\t<\/div>\n\t\t<\/div>\n\t\t\t\t\t\t\t<\/div>\n\t\t<\/section>\n\t\t\t\t\t<\/div>\n\t\t<\/div>\n\t\t\t\t\t\t\t<\/div>\n\t\t<\/section>\n\t\t\t\t\t\t<\/div>\n\t\t\t\t\t<\/div>\n\t\t","protected":false},"excerpt":{"rendered":"<p>Dates and Venue Thursday 31st July &#8211; Friday 1st August Horario de 8:30 a 18:30 hs Regente Palace Hotel &#9733;&#9733;&#9733;&#9733;&#9733; 4\/5 Suipacha 964, C1008 Ciudad Aut\u00f3noma de Buenos Aires. Argentina.Reservas: 011 4328-6800. M\u00e1s informaci\u00f3n: www.regente.com Comodidad y practicidad. Est\u00e1 rodeado por los edificios y monumentos m\u00e1s importantes de la ciudad y ofrece un r\u00e1pido acceso [&hellip;]<\/p>\n","protected":false},"author":1,"featured_media":0,"parent":0,"menu_order":0,"comment_status":"closed","ping_status":"closed","template":"elementor_header_footer","meta":{"footnotes":""},"_links":{"self":[{"href":"https:\/\/shareeducation.com.ar\/2025\/shareconvention25\/wp-json\/wp\/v2\/pages\/301"}],"collection":[{"href":"https:\/\/shareeducation.com.ar\/2025\/shareconvention25\/wp-json\/wp\/v2\/pages"}],"about":[{"href":"https:\/\/shareeducation.com.ar\/2025\/shareconvention25\/wp-json\/wp\/v2\/types\/page"}],"author":[{"embeddable":true,"href":"https:\/\/shareeducation.com.ar\/2025\/shareconvention25\/wp-json\/wp\/v2\/users\/1"}],"replies":[{"embeddable":true,"href":"https:\/\/shareeducation.com.ar\/2025\/shareconvention25\/wp-json\/wp\/v2\/comments?post=301"}],"version-history":[{"count":49,"href":"https:\/\/shareeducation.com.ar\/2025\/shareconvention25\/wp-json\/wp\/v2\/pages\/301\/revisions"}],"predecessor-version":[{"id":1847,"href":"https:\/\/shareeducation.com.ar\/2025\/shareconvention25\/wp-json\/wp\/v2\/pages\/301\/revisions\/1847"}],"wp:attachment":[{"href":"https:\/\/shareeducation.com.ar\/2025\/shareconvention25\/wp-json\/wp\/v2\/media?parent=301"}],"curies":[{"name":"wp","href":"https:\/\/api.w.org\/{rel}","templated":true}]}}